{"id":11636,"date":"2023-06-30T07:20:25","date_gmt":"2023-06-30T07:20:25","guid":{"rendered":"https:\/\/rainbow.it\/?page_id=11636"},"modified":"2024-10-14T11:42:27","modified_gmt":"2024-10-14T09:42:27","slug":"termini-e-condizioni","status":"publish","type":"page","link":"https:\/\/rainbow.it\/en\/termini-e-condizioni\/","title":{"rendered":"Termini e Condizioni"},"content":{"rendered":"<div data-elementor-type=\"wp-page\" data-elementor-id=\"11636\" class=\"elementor elementor-11636\">\n\t\t\t\t\t\t\t\t\t<section class=\"elementor-section elementor-top-section elementor-element elementor-element-7d7e8bd0 elementor-section-boxed elementor-section-height-default elementor-section-height-default\" data-id=\"7d7e8bd0\" data-element_type=\"section\">\n\t\t\t\t\t\t<div class=\"elementor-container elementor-column-gap-default\">\n\t\t\t\t\t<div class=\"elementor-column elementor-col-100 elementor-top-column elementor-element elementor-element-1e272f96\" data-id=\"1e272f96\" data-element_type=\"column\">\n\t\t\t<div class=\"elementor-widget-wrap elementor-element-populated\">\n\t\t\t\t\t\t\t\t<div class=\"elementor-element elementor-element-76a95e74 elementor-widget elementor-widget-text-editor\" data-id=\"76a95e74\" data-element_type=\"widget\" data-widget_type=\"text-editor.default\">\n\t\t\t\t<div class=\"elementor-widget-container\">\n\t\t\t<style>\/*! elementor - v3.15.0 - 02-08-2023 *\/\n.elementor-widget-text-editor.elementor-drop-cap-view-stacked .elementor-drop-cap{background-color:#69727d;color:#fff}.elementor-widget-text-editor.elementor-drop-cap-view-framed .elementor-drop-cap{color:#69727d;border:3px solid;background-color:transparent}.elementor-widget-text-editor:not(.elementor-drop-cap-view-default) .elementor-drop-cap{margin-top:8px}.elementor-widget-text-editor:not(.elementor-drop-cap-view-default) .elementor-drop-cap-letter{width:1em;height:1em}.elementor-widget-text-editor .elementor-drop-cap{float:left;text-align:center;line-height:1;font-size:50px}.elementor-widget-text-editor .elementor-drop-cap-letter{display:inline-block}<\/style>\t\t\t\t<!-- wp:heading -->\n<h2>Termini &amp; Condizioni<\/h2>\n<!-- \/wp:heading --><!-- wp:paragraph -->\n<p>\u00a0<\/p>\n<div id=\"terms\">\n<ol style=\"padding-left: 20px;\">\n<li>Le presenti condizioni generali disciplinano l\u2019utilizzo del sito rainbow.it (di seguito semplicemente \u201cSito\u201d) e le richieste di spedizione di piccoli campioni di tessuto (di seguito semplicemente \u201cPK\u201d) trasmesse tramite il Sito stesso.<\/li>\n<li>L\u2019utente che trasmette a Ratti una richiesta di spedizione di PK tramite il Sito accetta incondizionatamente le presenti condizioni generali; qualora l\u2019utente agisca per conto di una societ\u00e0 presso cui lavora o con cui collabora, dichiara e garantisce di essere dotato dei necessari poteri per poter vincolare la societ\u00e0 al rispetto delle presenti condizioni generali.<\/li>\n<li>Il Sito \u00e8 di propriet\u00e0 di Ratti S.p.A. Societ\u00e0 Benefit, con sede legale in Via Madonna, 30 22070 Guanzate (Co) &#8211; Italia, capitale Sociale i.v. \u20ac 11.115.000, codice fiscale, partita Iva e n\u00b0 iscrizione R.I. Como 00808220131.<\/li>\n<li>Il Sito ha il semplice scopo di fungere da vetrina on line dei disegni delle collezioni di Ratti S.p.A. Societ\u00e0 Benefit (di seguito semplicemente \u201cDisegni\u201d); la sezione \u201cRatti Select\u201d \u00e8 riservata unicamente agli utenti registrati su invito esteso da parte di personale Ratti.<\/li>\n<li>Tramite il Sito gli utenti possono esclusivamente effettuare una selezione di massima dei Disegni cui sono potenzialmente interessati e richiedere a Ratti la spedizione di taluni PK, per valutare direttamente la qualit\u00e0 dei Disegni ed eventualmente disporne la riproduzione a livello industriale presso Ratti.<\/li>\n<li>All\u2019atto dell\u2019inoltro della richiesta di invio PK, l\u2019utente ricever\u00e0 una mail di riepilogo contenente i dettagli dei Disegni selezionati ed il link alle presenti condizioni generali.<\/li>\n<li>La spedizione dei PK avverr\u00e0 a titolo gratuito e le spese di spedizione saranno assorbite da Ratti; il Sito non \u00e8 quindi destinato a concludere direttamente contratti di vendita on line, n\u00e9 vincola Ratti a spedire i PK selezionati o a concludere dei successivi contratti di vendita con l\u2019utente per il semplice fatto che questi abbia richiesto la spedizione di taluni PK.<\/li>\n<li>A seguito della ricezione dei PK, l\u2019utente del Sito potr\u00e0 liberamente valutare se procedere con la riproduzione a livello industriale di uno o pi\u00f9 Disegni selezionati, con la precisazione che tali operazioni di stampa potranno essere effettuate esclusivamente da Ratti S.p.A. Societ\u00e0 Benefit in quanto titolare esclusiva dei diritti di propriet\u00e0 intellettuale sui Disegni.<\/li>\n<li>L\u2019utente del Sito prende atto ed esplicitamente accetta che:\n<ol style=\"padding-top: 15px;\" type=\"a\">\n<li>i Disegni presenti sul Sito sono copyright e propriet\u00e0 intellettuale\/industriale esclusiva di Ratti; inoltre, i Disegni presenti nella sezione \u201cRatti Select\u201d del Sito sono tutelati tramite specifica registrazione;<\/li>\n<li>l\u2019invio dei PK e l\u2019eventuale successiva riproduzione a livello industriale dei Disegni commissionata a Ratti non comporta alcun trasferimento dei suddetti diritti da Ratti all\u2019utente;<\/li>\n<li>la riproduzione dei Disegni \u00e8 in ogni caso riservata a Ratti S.p.A. Societ\u00e0 Benefit e l\u2019eventuale riproduzione in proprio o presso terzi che non sia anticipatamente autorizzata per iscritto da Ratti, costituisce grave violazione dei suddetti diritti di propriet\u00e0 intellettuale\/industriale;<\/li>\n<li>i PK sono spediti all\u2019utente del Sito per un uso esclusivamente interno volto a valutare se disporre o meno la riproduzione dei Disegni a livello industriale presso Ratti ed ogni forma di divulgazione non autorizzata a terzi costituir\u00e0 violazione dei diritti di Ratti stessa;<\/li>\n<li>i Disegni selezionati dall\u2019utente sia per il semplice invio di PK, sia per una successiva eventuale riproduzione a livello industriale presso Ratti, non sono oggetto di esclusiva automatica in favore dell\u2019utente; dunque, in assenza di accordo scritto inerente all\u2019esclusiva su uno o pi\u00f9 Disegni, questi ultimi potranno essere da Ratti proposti e riprodotti anche in favore di terzi.<\/li>\n<li>I Disegni selezionati potrebbero essere stati in passato forniti e\/o commercializzati, sia direttamente sia indirettamente, in favore di terzi.<\/li>\n<li>tutti gli altri contenuti del Sito, quali ad esempio marchi registrati e non, contenuti testuali e visivi, costituiscono ad ogni modo copyright di Ratti S.p.A. Societ\u00e0 Benefit, salvo che non sia diversamente indicato in maniera esplicita con indicazione di specifici credits in favore di terzi.<\/li>\n<\/ol>\n<\/li>\n<li>Fatte salve le responsabilit\u00e0 inderogabili per legge, considerata la gratuit\u00e0 dei PK, Ratti non assume responsabilit\u00e0 n\u00e9 offre garanzia alcuna in merito a:\n<ul style=\"padding-top: 15px;\">\n<li>la conformit\u00e0 dei PK rispetto all\u2019uso per cui gli stessi sono destinati;<\/li>\n<li>eventuali violazioni di diritti di qualsivoglia natura appartenenti a terzi asseritamente causate dai PK in quanto tali o dai Disegni riportati sui PK spediti all\u2019utente;<\/li>\n<li>eventuali ritardi di consegna dei PK richiesti dall\u2019utente.<\/li>\n<\/ul>\n<\/li>\n<li>Contatti \u2013 per informazioni ed eventuali reclami l\u2019utente pu\u00f2 contattare Ratti presso la propria sede legale sita in via Madonna, 30 \u2013 22070 (CO) \u2013 Italia o tramite<br \/>mail a <a style=\"color: #000; font-size: 14px;\" href=\"mailto:rattispa@legalmail.it\"><b>rattispa@legalmail.it<\/b><\/a>.<\/li>\n<li>I rapporti giuridici derivanti dall\u2019utilizzo del Sito sono disciplinati dalla legge italiana, con espressa esclusione delle norme di conflitto e rimessi alla giurisdizione esclusiva del tribunale di Como.<\/li>\n<\/ol>\n<\/div>\n<p>\u00a0<\/p>\n<p><!-- \/wp:paragraph --><\/p>\t\t\t\t\t\t<\/div>\n\t\t\t\t<\/div>\n\t\t\t\t\t<\/div>\n\t\t<\/div>\n\t\t\t\t\t\t\t<\/div>\n\t\t<\/section>\n\t\t\t\t\t\t\t<\/div>","protected":false},"excerpt":{"rendered":"<p>Termini &amp; Condizioni \u00a0 Le presenti condizioni generali disciplinano l\u2019utilizzo del sito rainbow.it (di seguito semplicemente \u201cSito\u201d) e le richieste di spedizione di piccoli campioni di tessuto (di seguito semplicemente \u201cPK\u201d) trasmesse tramite il Sito stesso. L\u2019utente che trasmette a Ratti una richiesta di spedizione di PK tramite il Sito accetta incondizionatamente le presenti condizioni [&hellip;]<\/p>\n","protected":false},"author":1,"featured_media":0,"parent":0,"menu_order":0,"comment_status":"closed","ping_status":"closed","template":"","meta":[],"aioseo_notices":[],"_links":{"self":[{"href":"https:\/\/rainbow.it\/en\/wp-json\/wp\/v2\/pages\/11636"}],"collection":[{"href":"https:\/\/rainbow.it\/en\/wp-json\/wp\/v2\/pages"}],"about":[{"href":"https:\/\/rainbow.it\/en\/wp-json\/wp\/v2\/types\/page"}],"author":[{"embeddable":true,"href":"https:\/\/rainbow.it\/en\/wp-json\/wp\/v2\/users\/1"}],"replies":[{"embeddable":true,"href":"https:\/\/rainbow.it\/en\/wp-json\/wp\/v2\/comments?post=11636"}],"version-history":[{"count":50,"href":"https:\/\/rainbow.it\/en\/wp-json\/wp\/v2\/pages\/11636\/revisions"}],"predecessor-version":[{"id":14372,"href":"https:\/\/rainbow.it\/en\/wp-json\/wp\/v2\/pages\/11636\/revisions\/14372"}],"wp:attachment":[{"href":"https:\/\/rainbow.it\/en\/wp-json\/wp\/v2\/media?parent=11636"}],"curies":[{"name":"wp","href":"https:\/\/api.w.org\/{rel}","templated":true}]}}