{"id":11675,"date":"2023-06-30T09:09:43","date_gmt":"2023-06-30T07:09:43","guid":{"rendered":"https:\/\/rainbow.it\/?page_id=11675"},"modified":"2024-10-14T12:06:24","modified_gmt":"2024-10-14T10:06:24","slug":"legal-notes","status":"publish","type":"page","link":"https:\/\/rainbow.it\/en\/legal-notes\/","title":{"rendered":"Note Legali"},"content":{"rendered":"<div data-elementor-type=\"wp-page\" data-elementor-id=\"11675\" class=\"elementor elementor-11675\">\n\t\t\t\t\t\t\t\t\t<section class=\"elementor-section elementor-top-section elementor-element elementor-element-7d7e8bd0 elementor-section-boxed elementor-section-height-default elementor-section-height-default\" data-id=\"7d7e8bd0\" data-element_type=\"section\">\n\t\t\t\t\t\t<div class=\"elementor-container elementor-column-gap-default\">\n\t\t\t\t\t<div class=\"elementor-column elementor-col-100 elementor-top-column elementor-element elementor-element-1e272f96\" data-id=\"1e272f96\" data-element_type=\"column\">\n\t\t\t<div class=\"elementor-widget-wrap elementor-element-populated\">\n\t\t\t\t\t\t\t\t<div class=\"elementor-element elementor-element-76a95e74 elementor-widget elementor-widget-text-editor\" data-id=\"76a95e74\" data-element_type=\"widget\" data-widget_type=\"text-editor.default\">\n\t\t\t\t<div class=\"elementor-widget-container\">\n\t\t\t<style>\/*! elementor - v3.15.0 - 02-08-2023 *\/\n.elementor-widget-text-editor.elementor-drop-cap-view-stacked .elementor-drop-cap{background-color:#69727d;color:#fff}.elementor-widget-text-editor.elementor-drop-cap-view-framed .elementor-drop-cap{color:#69727d;border:3px solid;background-color:transparent}.elementor-widget-text-editor:not(.elementor-drop-cap-view-default) .elementor-drop-cap{margin-top:8px}.elementor-widget-text-editor:not(.elementor-drop-cap-view-default) .elementor-drop-cap-letter{width:1em;height:1em}.elementor-widget-text-editor .elementor-drop-cap{float:left;text-align:center;line-height:1;font-size:50px}.elementor-widget-text-editor .elementor-drop-cap-letter{display:inline-block}<\/style>\t\t\t\t<!-- wp:heading -->\n<h2><strong>Legal Notes<\/strong><\/h2>\n<!-- \/wp:heading -->\n\n<!-- wp:paragraph -->\n<p>&nbsp;<\/p>\n<p>L\u2019accesso a questo sito implica l\u2019accettazione dei termini e delle condizioni che seguono. Salvo diversa specifica indicazione, i testi, le immagini e i contenuti audiovisivi contenuti in questo sito sono coperti da diritto di autore, spettante a Ratti S.p.A. Societ\u00e0 Benefit e ne \u00e8 vietata la riproduzione, modifica od utilizzazione senza il preventivo consenso del titolare.<\/p>\n<p>Salvo diversa specifica indicazione, i marchi rappresentati in questo sito sono di titolarit\u00e0 di Ratti S.p.A. Societ\u00e0 Benefit e ne \u00e8 vietata la riproduzione, modifica od utilizzazione senza il preventivo consenso scritto del titolare.<\/p>\n<p>Sebbene sia stata usata ragionevole cura nel raccogliere e presentare le informazioni contenute in questo sito, nessuna garanzia \u00e8 prestata in ordine alla loro esattezza, completezza, utilit\u00e0, n\u00e9 ai loro possibili impieghi da parte degli utenti, con espressa esclusione di ogni responsabilit\u00e0 per errori od omissioni.<\/p>\n<p>Nessuna responsabilit\u00e0, di qualsivoglia natura, \u00e8 assunta da Ratti S.p.A. Societ\u00e0 Benefit in relazione all\u2019accesso degli utenti a questo sito od all\u2019utilizzo da parte loro dei materiali in esso contenuti.<\/p>\n<p>I link ad altri siti nel presente sito sono indicati per mera comodit\u00e0 dell\u2019utente, senza garanzia alcuna, di qualsivoglia natura, circa i siti ai quali si riferiscono ed ai loro contenuti.<br>Ogni responsabilit\u00e0 in proposito \u00e8 espressamente esclusa.<\/p>\n<p>Ratti S.p.A. Societ\u00e0 Benefit si riserva di apportare in qualsiasi momento modifiche alle presenti condizioni di utilizzo, mettendone a conoscenza l\u2019utente mediante pubblicazione nel sito. L\u2019accesso successivo alla modifica comporta la completa accettazione da parte dell\u2019utente delle nuove condizioni di utilizzo.<\/p>\n<p>Ratti S.p.A. Societ\u00e0 Benefit non garantisce che il sito sia privo di errori o virus. Ratti S.p.A. Societ\u00e0 Benefit non \u00e8 responsabile per i danni subiti dall\u2019utente a causa di tali elementi di carattere distruttivo.<\/p>\n<p>Ratti S.p.A. Societ\u00e0 Benefit<br \/>Via Madonna, 30 22070 Guanzate (CO) \u2013 Italy<br \/>+39 031 35351<br \/>ratti@ratti.it<br \/>Share Capital \u20ac 11.115.000<br \/>VAT number, Tax Code and Reg. number in the Register of Companies of Como 00808220131<\/p>\n<p><!-- \/wp:paragraph --><\/p>\t\t\t\t\t\t<\/div>\n\t\t\t\t<\/div>\n\t\t\t\t\t<\/div>\n\t\t<\/div>\n\t\t\t\t\t\t\t<\/div>\n\t\t<\/section>\n\t\t\t\t\t\t\t<\/div>","protected":false},"excerpt":{"rendered":"<p>Note legali &nbsp; L\u2019accesso a questo sito implica l\u2019accettazione dei termini e delle condizioni che seguono. Salvo diversa specifica indicazione, i testi, le immagini e i contenuti audiovisivi contenuti in questo sito sono coperti da diritto di autore, spettante a Ratti S.p.A. Societ\u00e0 Benefit e ne \u00e8 vietata la riproduzione, modifica od utilizzazione senza il [&hellip;]<\/p>\n","protected":false},"author":1,"featured_media":0,"parent":0,"menu_order":0,"comment_status":"closed","ping_status":"closed","template":"","meta":[],"aioseo_notices":[],"_links":{"self":[{"href":"https:\/\/rainbow.it\/en\/wp-json\/wp\/v2\/pages\/11675"}],"collection":[{"href":"https:\/\/rainbow.it\/en\/wp-json\/wp\/v2\/pages"}],"about":[{"href":"https:\/\/rainbow.it\/en\/wp-json\/wp\/v2\/types\/page"}],"author":[{"embeddable":true,"href":"https:\/\/rainbow.it\/en\/wp-json\/wp\/v2\/users\/1"}],"replies":[{"embeddable":true,"href":"https:\/\/rainbow.it\/en\/wp-json\/wp\/v2\/comments?post=11675"}],"version-history":[{"count":11,"href":"https:\/\/rainbow.it\/en\/wp-json\/wp\/v2\/pages\/11675\/revisions"}],"predecessor-version":[{"id":14370,"href":"https:\/\/rainbow.it\/en\/wp-json\/wp\/v2\/pages\/11675\/revisions\/14370"}],"wp:attachment":[{"href":"https:\/\/rainbow.it\/en\/wp-json\/wp\/v2\/media?parent=11675"}],"curies":[{"name":"wp","href":"https:\/\/api.w.org\/{rel}","templated":true}]}}