{"id":3,"date":"2023-04-04T13:06:43","date_gmt":"2023-04-04T13:06:43","guid":{"rendered":"http:\/\/127.0.0.1\/?page_id=3"},"modified":"2023-07-27T17:01:00","modified_gmt":"2023-07-27T15:01:00","slug":"privacy-policy","status":"publish","type":"page","link":"https:\/\/rainbow.it\/en\/privacy-policy\/","title":{"rendered":"Privacy Policy"},"content":{"rendered":"<div data-elementor-type=\"wp-page\" data-elementor-id=\"3\" class=\"elementor elementor-3\">\n\t\t\t\t\t\t\t\t\t<section class=\"elementor-section elementor-top-section elementor-element elementor-element-7d7e8bd0 elementor-section-boxed elementor-section-height-default elementor-section-height-default\" data-id=\"7d7e8bd0\" data-element_type=\"section\">\n\t\t\t\t\t\t<div class=\"elementor-container elementor-column-gap-default\">\n\t\t\t\t\t<div class=\"elementor-column elementor-col-100 elementor-top-column elementor-element elementor-element-1e272f96\" data-id=\"1e272f96\" data-element_type=\"column\">\n\t\t\t<div class=\"elementor-widget-wrap elementor-element-populated\">\n\t\t\t\t\t\t\t\t<div class=\"elementor-element elementor-element-76a95e74 elementor-widget elementor-widget-text-editor\" data-id=\"76a95e74\" data-element_type=\"widget\" data-widget_type=\"text-editor.default\">\n\t\t\t\t<div class=\"elementor-widget-container\">\n\t\t\t<style>\/*! elementor - v3.15.0 - 02-08-2023 *\/\n.elementor-widget-text-editor.elementor-drop-cap-view-stacked .elementor-drop-cap{background-color:#69727d;color:#fff}.elementor-widget-text-editor.elementor-drop-cap-view-framed .elementor-drop-cap{color:#69727d;border:3px solid;background-color:transparent}.elementor-widget-text-editor:not(.elementor-drop-cap-view-default) .elementor-drop-cap{margin-top:8px}.elementor-widget-text-editor:not(.elementor-drop-cap-view-default) .elementor-drop-cap-letter{width:1em;height:1em}.elementor-widget-text-editor .elementor-drop-cap{float:left;text-align:center;line-height:1;font-size:50px}.elementor-widget-text-editor .elementor-drop-cap-letter{display:inline-block}<\/style>\t\t\t\t<p><!-- wp:heading --><\/p>\n<h2>Privacy Policy<\/h2>\n<p><!-- \/wp:heading --><\/p>\n<p><!-- wp:paragraph --><\/p>\n<p>&nbsp;<\/p>\n<p>INFORMATION ON THE PROCESSING OF PERSONAL DATA of users visiting the sites <a style=\"color: #000; font-size: 14px;\" href=\"https:\/\/rainbow.it\/en\/\"><b>rainbow.it<\/b><\/a>, <a style=\"color: #000; font-size: 14px;\" href=\"https:\/\/www.carnet.it\/\"><b>www.carnet.it<\/b><\/a><\/p>\n<p>ai sensi dell\u2019articolo 13 del Regolamento (UE) 2016\/679<\/p>\n<p>&nbsp;<\/p>\n<p><strong class=\"privacy-policy-tutorial\">PERCHE\u2019 QUESTE INFORMAZIONI<\/strong><\/p>\n<p>Ai sensi del Regolamento (UE) 2016\/679 (di seguito \u201cRegolamento\u201d), questa pagina descrive le modalit\u00e0 di trattamento dei dati personali degli utenti che consultano il sito web accessibile per via telematica ai seguenti indirizzi: <a style=\"color: #000; font-size: 14px;\" href=\"https:\/\/rainbow.it\/en\/\"><b>rainbow.it<\/b><\/a> and <a style=\"color: #000; font-size: 14px;\" href=\"https:\/\/www.carnet.it\/\"><b>www.carnet.it<\/b><\/a>.<\/p>\n<p>This information does not pertain to other sites, pages, or online services that may be reached via hypertext links published on the sites, but which refer to resources outside the Ratti Spa Societ\u00e0 Benefit domains.<\/p>\n<p><strong class=\"privacy-policy-tutorial\">DATA CONTROLLER<\/strong><\/p>\n<p>When identified or identifiable natural persons visit the sites listed above, data relating to them may be processed.<\/p>\n<p>Titolare del trattamento \u00e8 Ratti Spa Societ\u00e0 Benefit, con sede in Guanzate (CO), via Madonna 30 \u2013 CAP 22070 GUANZATE (COMO) (email: <a style=\"color: #000; font-size: 14px;\" href=\"mailto:public.relations@ratti.it\"><b>public.relations@ratti.it<\/b><\/a>, telephone no. <a style=\"color: #000; font-size: 14px;\" href=\"tel:+3903135351\"><b>+39-031-35351<\/b><\/a>).<\/p>\n<p><strong class=\"privacy-policy-tutorial\">LEGAL BASIS OF PROCESSING<\/strong><\/p>\n<p>The personal data indicated on this page are processed by the data controller since they are necessary for managing the site and, based on specific information, and where necessary and based on the consent of the user, for offering and carrying out services offered by the site itself.<\/p>\n<p><strong class=\"privacy-policy-tutorial\">TIPI DI DATI TRATTATI E FINALITA\u2019 DEL TRATTAMENTO<\/strong><\/p>\n<p>Browsing data<\/p>\n<p>During their normal operation, the computer systems and software procedures used to operate this site acquire certain personal data whose submission is implicit in the use of Internet communication protocols.<\/p>\n<p>This category of data includes the IP addresses or domain names of the computers and terminals used by the users, the URI\/URL (Uniform Resource Identifier\/Locator) addresses of the resources requested, the time of the request, the method used to submit the request to the server, the size of the file obtained in response, the numerical code indicating the status of the response given by the server (successful, error, etc.) and other parameters relating to the user's operating system and computer environment.<\/p>\n<p>These data, which are necessary in order to use the web services, are also processed for the purpose of:<\/p>\n<ul>\n<li>ottenere informazioni statistiche sull&#8217;uso dei servizi (pagine pi\u00f9 visitate, numero di visitatori per fascia oraria o giornaliera, aree geografiche di provenienza, ecc.);<\/li>\n<li>checking that the services offered are functioning correctly.<\/li>\n<\/ul>\n<p>&nbsp;<\/p>\n<p>I dati di navigazione non persistono per pi\u00f9 del tempo necessario a garantire il funzionamento del sito e vengono cancellati immediatamente dopo la loro aggregazione (salve eventuali necessit\u00e0 di accertamento di reati da parte dell\u2019Autorit\u00e0 giudiziaria).<\/p>\n<p><strong class=\"privacy-policy-tutorial\">DATI COMUNICATI DALL\u2019UTENTE<\/strong><\/p>\n<p>L\u2019invio facoltativo, esplicito e volontario di messaggi agli indirizzi di contatto, nonch\u00e9 la compilazione e l\u2019inoltro dei moduli presenti sui siti, comportano l\u2019acquisizione dei dati di contatto del mittente, necessari a rispondere, nonch\u00e9 di tutti i dati personali inclusi nelle comunicazioni.<\/p>\n<p>Specifiche informative verranno pubblicate nelle pagine predisposte per l\u2019erogazione di determinati servizi.<\/p>\n<p><strong class=\"privacy-policy-tutorial\">USE OF COOKIES AND TRACKING SYSTEMS<\/strong><\/p>\n<p>Per l\u2019utilizzo dei cookie all\u2019interno del sito consultare la pagina <a style=\"color: #000; font-size: 14px;\" href=\"https:\/\/rainbow.it\/en\/cookie-policy\/\"><b>Cookie Policy<\/b><\/a><\/p>\n<p><strong class=\"privacy-policy-tutorial\">RECIPIENTS OF THE DATA<\/strong><\/p>\n<p>The recipients of the data collected following a visit to the websites listed above may be individuals designated, pursuant to Article 28 of the Regulation, as data processors, for the performance of the services for developing, delivering, and managing the operation of the technological platforms used.<\/p>\n<p>I dati personali raccolti sono altres\u00ec trattati dal personale del titolare, che agisce sulla base di specifiche istruzioni fornite in ordine a finalit\u00e0 e modalit\u00e0 del trattamento medesimo.<\/p>\n<p><strong class=\"privacy-policy-tutorial\">RIGHTS OF THE DATA SUBJECTS<\/strong><\/p>\n<p>Gli interessati hanno il diritto di ottenere, nei casi previsti, l\u2019accesso ai dati personali, la rettifica o la cancellazione degli stessi o la limitazione del trattamento che li riguarda o di opporsi al trattamento (art.15 e ss del Regolamento).L\u2019apposita istanza pu\u00f2 essere presentata ai contatti in precedenza indicati.<\/p>\n<p><strong class=\"privacy-policy-tutorial\">RIGHT TO COMPLAIN<\/strong><\/p>\n<p>Data subjects who consider that the processing of their personal data carried out on this website is in breach of the provisions of the Regulation have the right to lodge a complaint with the Italian Data Protection Authority (Garante per la protezione dei dati personali), as provided for in Article 77 of the Regulation, or to seek judicial remedy (Article 79 of the Regulation).<\/p>\n<p><!-- \/wp:paragraph --><\/p>\t\t\t\t\t\t<\/div>\n\t\t\t\t<\/div>\n\t\t\t\t\t<\/div>\n\t\t<\/div>\n\t\t\t\t\t\t\t<\/div>\n\t\t<\/section>\n\t\t\t\t\t\t\t<\/div>","protected":false},"excerpt":{"rendered":"<p>Privacy Policy &nbsp; INFORMAZIONI SUL TRATTAMENTO DEI DATI PERSONALI degli utenti che consultano i siti rainbow.it, www.carnet.it ai sensi dell\u2019articolo 13 del Regolamento (UE) 2016\/679 &nbsp; PERCHE\u2019 QUESTE INFORMAZIONI Ai sensi del Regolamento (UE) 2016\/679 (di seguito \u201cRegolamento\u201d), questa pagina descrive le modalit\u00e0 di trattamento dei dati personali degli utenti che consultano il sito web [&hellip;]<\/p>\n","protected":false},"author":1,"featured_media":0,"parent":0,"menu_order":0,"comment_status":"closed","ping_status":"open","template":"","meta":[],"aioseo_notices":[],"_links":{"self":[{"href":"https:\/\/rainbow.it\/en\/wp-json\/wp\/v2\/pages\/3"}],"collection":[{"href":"https:\/\/rainbow.it\/en\/wp-json\/wp\/v2\/pages"}],"about":[{"href":"https:\/\/rainbow.it\/en\/wp-json\/wp\/v2\/types\/page"}],"author":[{"embeddable":true,"href":"https:\/\/rainbow.it\/en\/wp-json\/wp\/v2\/users\/1"}],"replies":[{"embeddable":true,"href":"https:\/\/rainbow.it\/en\/wp-json\/wp\/v2\/comments?post=3"}],"version-history":[{"count":39,"href":"https:\/\/rainbow.it\/en\/wp-json\/wp\/v2\/pages\/3\/revisions"}],"predecessor-version":[{"id":14460,"href":"https:\/\/rainbow.it\/en\/wp-json\/wp\/v2\/pages\/3\/revisions\/14460"}],"wp:attachment":[{"href":"https:\/\/rainbow.it\/en\/wp-json\/wp\/v2\/media?parent=3"}],"curies":[{"name":"wp","href":"https:\/\/api.w.org\/{rel}","templated":true}]}}